{"id":3,"date":"2022-01-20T15:10:35","date_gmt":"2022-01-20T13:10:35","guid":{"rendered":"http:\/\/jarviradio.fi\/jrtv2\/?page_id=3"},"modified":"2022-01-22T18:06:58","modified_gmt":"2022-01-22T16:06:58","slug":"tietosuojaseloste","status":"publish","type":"page","link":"https:\/\/jarviradio.fi\/tv\/tietosuojaseloste\/","title":{"rendered":"Tietosuojaseloste"},"content":{"rendered":"\n<h1 class=\"wp-block-heading\">Tietosuojaseloste<\/h1>\n\n\n\n<p><strong>TIETOSUOJASELOSTE \u2013 J\u00c4RVIRADIO OY<\/strong><\/p>\n\n\n\n<p>T\u00e4ss\u00e4 tietosuojaselosteessa kerrotaan J\u00e4rviradio Oy:n toiminnassaan noudatettavista tietojenk\u00e4sittelyk\u00e4yt\u00e4nn\u00f6ist\u00e4.<\/p>\n\n\n\n<h3 class=\"wp-block-heading\">1. Yhteystiedot<\/h3>\n\n\n\n<p>J\u00e4rviradio Oy<br>Yhteyshenkil\u00f6: Toimitusjohtaja Markku M\u00e4enp\u00e4\u00e4<br>Osoite: Kiertotie 5, 62900 Alaj\u00e4rvi<br>Puhelinnumero: 0400-666089<br>S\u00e4hk\u00f6postiosoite: markku@jarviradio.fi<\/p>\n\n\n\n<h3 class=\"wp-block-heading\">2. K\u00e4sitelt\u00e4v\u00e4t tiedot<\/h3>\n\n\n\n<p>J\u00e4rviradio Oy ker\u00e4\u00e4 asiakkaiden tietoja vain siin\u00e4 m\u00e4\u00e4rin, kuin se on palveluiden tarjoamiseksi tarpeellista.<\/p>\n\n\n\n<p><strong>2.1. S\u00e4hk\u00f6postiviestit<\/strong><br>J\u00e4rviradion jr@jarviradio.fi-osoitteeseen l\u00e4hetetyt s\u00e4hk\u00f6postiviestit.<\/p>\n\n\n\n<p><strong>2.2. Levytoiveet ja ilmoitukset puhelimitse ja tekstiviestitse<\/strong><br>N\u00e4iden yhteydenottojen tietosis\u00e4ll\u00f6t (esimerkiksi levytoive terveisineen tai ilmoitusteksti) taltioidaan j\u00e4rjestelm\u00e4\u00e4mme, jotta viesti voidaan lukea radiol\u00e4hetyksess\u00e4 tai Tavarap\u00f6rssi-ilmoitusten kohdalla my\u00f6s julkaista Internetiss\u00e4. Puheluista kirjataan k\u00e4ytt\u00e4j\u00e4n sanelema viesti, tekstiviesteist\u00e4 taltioidaan viestin l\u00e4hett\u00e4j\u00e4n puhelinnumero ja viestiin kirjoitettu sis\u00e4lt\u00f6.<\/p>\n\n\n\n<p><strong>2.3. Puhelut radiol\u00e4hetykseen<\/strong><br>Radiol\u00e4hetyksess\u00e4 kuuluneet puhelut tallentuvat lakis\u00e4\u00e4teiseen referenssi\u00e4\u00e4nitallenteeseen.<\/p>\n\n\n\n<h3 class=\"wp-block-heading\">3. Kolmansien osapuolien toteuttamat palvelut<\/h3>\n\n\n\n<p><strong>3.1. Tekstiviestipalvelut ja yleis\u00f6\u00e4\u00e4nestykset \/ Arena Interactive Oy<\/strong><br>Tekstiviestipalveluiden (tekstiviestinumero 17131) operaattori on Arena Interactive Oy, joka k\u00e4sittelee asiakkaan l\u00e4hett\u00e4mi\u00e4 tekstiviestej\u00e4 v\u00e4litt\u00e4\u00e4kseen ne J\u00e4rviradiolle. Yleis\u00f6\u00e4\u00e4nestyspalveluiden operaattori on Arena Interactive Oy, joka k\u00e4sittelee asiakkaan l\u00e4hett\u00e4mi\u00e4 tekstiviestej\u00e4 ja puheluita \u00e4\u00e4nestystuloksen kirjaamista ja laskemista varten.<\/p>\n\n\n\n<p><strong>3.2. Taloushallinnon palvelut \/ Tilitoimisto Salo Oy<\/strong><br>Tulevien ja l\u00e4htevien laskujen tiedot luovutetaan Tilitoimisto Salo Oy:lle kirjanpitoa, laskutusta ja laskujen maksamista varten. Tilitoimisto Salo Oy k\u00e4sittelee ostolaskumme Tikon Oy:n ohjelmistolla ja verkkolaskuja vastaanottava operaattori on Liaison Technologies Oy.<\/p>\n\n\n\n<p><strong>3.3. Verkkosivuilla k\u00e4ytetyt kolmansien osapuolien palvelut<\/strong><br>jarviradio.fi-verkkosivuilla k\u00e4ytet\u00e4\u00e4n kolmansien osapuolien palveluita sis\u00e4ll\u00f6n tai toiminnallisuuden toteuttamiseksi. K\u00e4ytt\u00e4m\u00e4ll\u00e4 jarviradio.fi-verkkopalveluita hyv\u00e4ksyt k\u00e4yt\u00e4nn\u00f6t.<\/p>\n\n\n\n<p>T\u00e4ll\u00e4 hetkell\u00e4 verkkosivujen videoiden esitt\u00e4miseen k\u00e4ytet\u00e4\u00e4n Youtube-palvelua, joka rekister\u00f6i tietoja videoiden katseluista omien tietosuojak\u00e4yt\u00e4nt\u00f6jens\u00e4 mukaisesti. Youtube saattaa k\u00e4sitell\u00e4 edell\u00e4mainittuja tietoja EU\/ETA-alueen ulkopuolella.<\/p>\n\n\n\n<h4 class=\"wp-block-heading\">4. Rekister\u00f6idyn oikeudet<\/h4>\n\n\n\n<p>Rekister\u00f6idyll\u00e4 on oikeus tarkastaa h\u00e4nest\u00e4 tallennetut henkil\u00f6tiedot. Rekister\u00f6idyn pyynn\u00f6st\u00e4 virheelliset, puutteelliset tai vanhentuneet henkil\u00f6tiedot oikaistaan, t\u00e4ydennet\u00e4\u00e4n tai poistetaan. Tietoja ei kuitenkaan poisteta silt\u00e4 osin kuin ne ovat tarpeen lakis\u00e4\u00e4teisten velvoitteiden noudattamiseksi taikka oikeudellisen vaateen laatimiseksi, esitt\u00e4miseksi tai puolustamiseksi taikka ne ovat tarpeen rekister\u00f6idyn ja rekisterinpit\u00e4j\u00e4n v\u00e4lisen sopimuksen t\u00e4ytt\u00e4miseksi.<\/p>\n\n\n\n<p>Kolmannen osapuolen palveluntarjoajat, my\u00f6s Google, k\u00e4ytt\u00e4v\u00e4t ev\u00e4steit\u00e4. Niiden avulla ne n\u00e4ytt\u00e4v\u00e4t mainoksia sellaisten tietojen perusteella, jotka on saatu k\u00e4ytt\u00e4j\u00e4n aiemmista vierailuista sivustollasi tai muilla sivustoilla.<\/p>\n\n\n\n<p>Googlen mainosev\u00e4steiden avulla Google ja sen kumppanit voivat n\u00e4ytt\u00e4\u00e4 mainoksia k\u00e4ytt\u00e4jille niiden tietojen perusteella, jotka on saatu k\u00e4ytt\u00e4jien k\u00e4ynneist\u00e4 sivustoillasi ja\/tai muilla sivustoilla.<\/p>\n\n\n\n<p>Tarkastus-, korjaus- tai poistopyynt\u00f6 tulee l\u00e4hett\u00e4\u00e4 kirjallisesti ja allekirjoitettuna rekisteriasioista vastaavalle henkil\u00f6lle postiosoitteella: Markku M\u00e4enp\u00e4\u00e4\/J\u00e4rviradio Oy, Kiertotie 5, 62900 Alaj\u00e4rvi. Liit\u00e4 pyynt\u00f6\u00f6n yhteystietosi (v\u00e4hint\u00e4\u00e4n nimi, postiosoite ja puhelinnumero, halutessasi my\u00f6s s\u00e4hk\u00f6postiosoite).<\/p>\n\n\n\n<h3 class=\"wp-block-heading\">5. Tietojen luovutus ja siirto<\/h3>\n\n\n\n<p>Tietoja ei luovuteta ilman rekister\u00f6idyn lupaa muuten kuin lain sallimissa ja velvoittamissa rajoissa tai viranomaisten vaatimusten edellytt\u00e4m\u00e4ll\u00e4 tavalla. Rekisterin k\u00e4ytt\u00f6tarkoituksen mukaisien teht\u00e4vien hoitoon voidaan k\u00e4ytt\u00e4\u00e4 alihankkijoita.<\/p>\n\n\n\n<h3 class=\"wp-block-heading\">6. Tietojen s\u00e4ilytysaika<\/h3>\n\n\n\n<p>Rekisterinpit\u00e4j\u00e4 s\u00e4ilytt\u00e4\u00e4 tietoja vain niin kauan, kun on tarpeen rekisterin k\u00e4ytt\u00f6tarkoituksen kannalta.<\/p>\n\n\n\n<h3 class=\"wp-block-heading\">7. Rekisterin suojaus<\/h3>\n\n\n\n<p>J\u00e4rjestelm\u00e4t, joihin tietoja tallennetaan, ovat teknisesti ja fyysisesti suojattu siten, ettei ulkopuolisilla ole niihin p\u00e4\u00e4sy\u00e4. P\u00e4\u00e4sy tietoihin on vain niill\u00e4, joilla se on tarpeen ty\u00f6teht\u00e4vien hoitamiseksi.<\/p>\n\n\n\n<h3 class=\"wp-block-heading\">8. Tietosuojaselosteen muuttaminen<\/h3>\n\n\n\n<p>Rekisterinpit\u00e4j\u00e4 pid\u00e4tt\u00e4\u00e4 oikeuden p\u00e4ivitt\u00e4\u00e4 ja muuttaa tietosuojaselostetta ilmoittamatta siit\u00e4 erikseen.<\/p>\n","protected":false},"excerpt":{"rendered":"<p>Tietosuojaseloste TIETOSUOJASELOSTE \u2013 J\u00c4RVIRADIO OY T\u00e4ss\u00e4 tietosuojaselosteessa kerrotaan J\u00e4rviradio Oy:n toiminnassaan noudatettavista tietojenk\u00e4sittelyk\u00e4yt\u00e4nn\u00f6ist\u00e4. 1. Yhteystiedot J\u00e4rviradio OyYhteyshenkil\u00f6: Toimitusjohtaja Markku M\u00e4enp\u00e4\u00e4Osoite: Kiertotie 5, 62900 Alaj\u00e4rviPuhelinnumero: 0400-666089S\u00e4hk\u00f6postiosoite: markku@jarviradio.fi 2. K\u00e4sitelt\u00e4v\u00e4t tiedot J\u00e4rviradio&hellip; <\/p>\n","protected":false},"author":1,"featured_media":0,"parent":0,"menu_order":0,"comment_status":"closed","ping_status":"open","template":"","meta":{"footnotes":""},"class_list":["post-3","page","type-page","status-publish","hentry"],"yoast_head":"<!-- This site is optimized with the Yoast SEO plugin v26.4 - https:\/\/yoast.com\/wordpress\/plugins\/seo\/ -->\n<title>Tietosuojaseloste - JRTV J\u00e4rviradio<\/title>\n<meta name=\"robots\" content=\"index, follow, max-snippet:-1, max-image-preview:large, max-video-preview:-1\" \/>\n<link rel=\"canonical\" href=\"https:\/\/jarviradio.fi\/tv\/tietosuojaseloste\/\" \/>\n<meta property=\"og:locale\" content=\"fi_FI\" \/>\n<meta property=\"og:type\" content=\"article\" \/>\n<meta property=\"og:title\" content=\"Tietosuojaseloste - JRTV J\u00e4rviradio\" \/>\n<meta property=\"og:description\" content=\"Tietosuojaseloste TIETOSUOJASELOSTE \u2013 J\u00c4RVIRADIO OY T\u00e4ss\u00e4 tietosuojaselosteessa kerrotaan J\u00e4rviradio Oy:n toiminnassaan noudatettavista tietojenk\u00e4sittelyk\u00e4yt\u00e4nn\u00f6ist\u00e4. 1. Yhteystiedot J\u00e4rviradio OyYhteyshenkil\u00f6: Toimitusjohtaja Markku M\u00e4enp\u00e4\u00e4Osoite: Kiertotie 5, 62900 Alaj\u00e4rviPuhelinnumero: 0400-666089S\u00e4hk\u00f6postiosoite: markku@jarviradio.fi 2. K\u00e4sitelt\u00e4v\u00e4t tiedot J\u00e4rviradio&hellip;\" \/>\n<meta property=\"og:url\" content=\"https:\/\/jarviradio.fi\/tv\/tietosuojaseloste\/\" \/>\n<meta property=\"og:site_name\" content=\"JRTV J\u00e4rviradio\" \/>\n<meta property=\"article:modified_time\" content=\"2022-01-22T16:06:58+00:00\" \/>\n<meta name=\"twitter:card\" content=\"summary_large_image\" \/>\n<meta name=\"twitter:label1\" content=\"Arvioitu lukuaika\" \/>\n\t<meta name=\"twitter:data1\" content=\"3 minuuttia\" \/>\n<script type=\"application\/ld+json\" class=\"yoast-schema-graph\">{\"@context\":\"https:\/\/schema.org\",\"@graph\":[{\"@type\":\"WebPage\",\"@id\":\"https:\/\/jarviradio.fi\/tv\/tietosuojaseloste\/\",\"url\":\"https:\/\/jarviradio.fi\/tv\/tietosuojaseloste\/\",\"name\":\"Tietosuojaseloste - JRTV J\u00e4rviradio\",\"isPartOf\":{\"@id\":\"https:\/\/jarviradio.fi\/tv\/#website\"},\"datePublished\":\"2022-01-20T13:10:35+00:00\",\"dateModified\":\"2022-01-22T16:06:58+00:00\",\"breadcrumb\":{\"@id\":\"https:\/\/jarviradio.fi\/tv\/tietosuojaseloste\/#breadcrumb\"},\"inLanguage\":\"fi\",\"potentialAction\":[{\"@type\":\"ReadAction\",\"target\":[\"https:\/\/jarviradio.fi\/tv\/tietosuojaseloste\/\"]}]},{\"@type\":\"BreadcrumbList\",\"@id\":\"https:\/\/jarviradio.fi\/tv\/tietosuojaseloste\/#breadcrumb\",\"itemListElement\":[{\"@type\":\"ListItem\",\"position\":1,\"name\":\"Etusivu\",\"item\":\"https:\/\/jarviradio.fi\/tv\/\"},{\"@type\":\"ListItem\",\"position\":2,\"name\":\"Tietosuojaseloste\"}]},{\"@type\":\"WebSite\",\"@id\":\"https:\/\/jarviradio.fi\/tv\/#website\",\"url\":\"https:\/\/jarviradio.fi\/tv\/\",\"name\":\"JRTV J\u00e4rviradio\",\"description\":\"Persoonallisin radiokanava J\u00e4rviradio, valtaa alaa TV l\u00e4hetyksiss\u00e4\",\"publisher\":{\"@id\":\"https:\/\/jarviradio.fi\/tv\/#organization\"},\"potentialAction\":[{\"@type\":\"SearchAction\",\"target\":{\"@type\":\"EntryPoint\",\"urlTemplate\":\"https:\/\/jarviradio.fi\/tv\/?s={search_term_string}\"},\"query-input\":{\"@type\":\"PropertyValueSpecification\",\"valueRequired\":true,\"valueName\":\"search_term_string\"}}],\"inLanguage\":\"fi\"},{\"@type\":\"Organization\",\"@id\":\"https:\/\/jarviradio.fi\/tv\/#organization\",\"name\":\"JRTV J\u00e4rviradio\",\"url\":\"https:\/\/jarviradio.fi\/tv\/\",\"logo\":{\"@type\":\"ImageObject\",\"inLanguage\":\"fi\",\"@id\":\"https:\/\/jarviradio.fi\/tv\/#\/schema\/logo\/image\/\",\"url\":\"https:\/\/jarviradio.fi\/tv\/wp-content\/uploads\/2022\/01\/cropped-jrtv_nettisivulogo.png\",\"contentUrl\":\"https:\/\/jarviradio.fi\/tv\/wp-content\/uploads\/2022\/01\/cropped-jrtv_nettisivulogo.png\",\"width\":389,\"height\":51,\"caption\":\"JRTV J\u00e4rviradio\"},\"image\":{\"@id\":\"https:\/\/jarviradio.fi\/tv\/#\/schema\/logo\/image\/\"}}]}<\/script>\n<!-- \/ Yoast SEO plugin. -->","yoast_head_json":{"title":"Tietosuojaseloste - JRTV J\u00e4rviradio","robots":{"index":"index","follow":"follow","max-snippet":"max-snippet:-1","max-image-preview":"max-image-preview:large","max-video-preview":"max-video-preview:-1"},"canonical":"https:\/\/jarviradio.fi\/tv\/tietosuojaseloste\/","og_locale":"fi_FI","og_type":"article","og_title":"Tietosuojaseloste - JRTV J\u00e4rviradio","og_description":"Tietosuojaseloste TIETOSUOJASELOSTE \u2013 J\u00c4RVIRADIO OY T\u00e4ss\u00e4 tietosuojaselosteessa kerrotaan J\u00e4rviradio Oy:n toiminnassaan noudatettavista tietojenk\u00e4sittelyk\u00e4yt\u00e4nn\u00f6ist\u00e4. 1. Yhteystiedot J\u00e4rviradio OyYhteyshenkil\u00f6: Toimitusjohtaja Markku M\u00e4enp\u00e4\u00e4Osoite: Kiertotie 5, 62900 Alaj\u00e4rviPuhelinnumero: 0400-666089S\u00e4hk\u00f6postiosoite: markku@jarviradio.fi 2. K\u00e4sitelt\u00e4v\u00e4t tiedot J\u00e4rviradio&hellip;","og_url":"https:\/\/jarviradio.fi\/tv\/tietosuojaseloste\/","og_site_name":"JRTV J\u00e4rviradio","article_modified_time":"2022-01-22T16:06:58+00:00","twitter_card":"summary_large_image","twitter_misc":{"Arvioitu lukuaika":"3 minuuttia"},"schema":{"@context":"https:\/\/schema.org","@graph":[{"@type":"WebPage","@id":"https:\/\/jarviradio.fi\/tv\/tietosuojaseloste\/","url":"https:\/\/jarviradio.fi\/tv\/tietosuojaseloste\/","name":"Tietosuojaseloste - JRTV J\u00e4rviradio","isPartOf":{"@id":"https:\/\/jarviradio.fi\/tv\/#website"},"datePublished":"2022-01-20T13:10:35+00:00","dateModified":"2022-01-22T16:06:58+00:00","breadcrumb":{"@id":"https:\/\/jarviradio.fi\/tv\/tietosuojaseloste\/#breadcrumb"},"inLanguage":"fi","potentialAction":[{"@type":"ReadAction","target":["https:\/\/jarviradio.fi\/tv\/tietosuojaseloste\/"]}]},{"@type":"BreadcrumbList","@id":"https:\/\/jarviradio.fi\/tv\/tietosuojaseloste\/#breadcrumb","itemListElement":[{"@type":"ListItem","position":1,"name":"Etusivu","item":"https:\/\/jarviradio.fi\/tv\/"},{"@type":"ListItem","position":2,"name":"Tietosuojaseloste"}]},{"@type":"WebSite","@id":"https:\/\/jarviradio.fi\/tv\/#website","url":"https:\/\/jarviradio.fi\/tv\/","name":"JRTV J\u00e4rviradio","description":"Persoonallisin radiokanava J\u00e4rviradio, valtaa alaa TV l\u00e4hetyksiss\u00e4","publisher":{"@id":"https:\/\/jarviradio.fi\/tv\/#organization"},"potentialAction":[{"@type":"SearchAction","target":{"@type":"EntryPoint","urlTemplate":"https:\/\/jarviradio.fi\/tv\/?s={search_term_string}"},"query-input":{"@type":"PropertyValueSpecification","valueRequired":true,"valueName":"search_term_string"}}],"inLanguage":"fi"},{"@type":"Organization","@id":"https:\/\/jarviradio.fi\/tv\/#organization","name":"JRTV J\u00e4rviradio","url":"https:\/\/jarviradio.fi\/tv\/","logo":{"@type":"ImageObject","inLanguage":"fi","@id":"https:\/\/jarviradio.fi\/tv\/#\/schema\/logo\/image\/","url":"https:\/\/jarviradio.fi\/tv\/wp-content\/uploads\/2022\/01\/cropped-jrtv_nettisivulogo.png","contentUrl":"https:\/\/jarviradio.fi\/tv\/wp-content\/uploads\/2022\/01\/cropped-jrtv_nettisivulogo.png","width":389,"height":51,"caption":"JRTV J\u00e4rviradio"},"image":{"@id":"https:\/\/jarviradio.fi\/tv\/#\/schema\/logo\/image\/"}}]}},"_links":{"self":[{"href":"https:\/\/jarviradio.fi\/tv\/wp-json\/wp\/v2\/pages\/3","targetHints":{"allow":["GET"]}}],"collection":[{"href":"https:\/\/jarviradio.fi\/tv\/wp-json\/wp\/v2\/pages"}],"about":[{"href":"https:\/\/jarviradio.fi\/tv\/wp-json\/wp\/v2\/types\/page"}],"author":[{"embeddable":true,"href":"https:\/\/jarviradio.fi\/tv\/wp-json\/wp\/v2\/users\/1"}],"replies":[{"embeddable":true,"href":"https:\/\/jarviradio.fi\/tv\/wp-json\/wp\/v2\/comments?post=3"}],"version-history":[{"count":3,"href":"https:\/\/jarviradio.fi\/tv\/wp-json\/wp\/v2\/pages\/3\/revisions"}],"predecessor-version":[{"id":390,"href":"https:\/\/jarviradio.fi\/tv\/wp-json\/wp\/v2\/pages\/3\/revisions\/390"}],"wp:attachment":[{"href":"https:\/\/jarviradio.fi\/tv\/wp-json\/wp\/v2\/media?parent=3"}],"curies":[{"name":"wp","href":"https:\/\/api.w.org\/{rel}","templated":true}]}}